{"id":3557,"date":"2025-03-29T21:23:40","date_gmt":"2025-03-30T01:23:40","guid":{"rendered":"https:\/\/dentine-toothie.com\/?post_type=product&#038;p=3557"},"modified":"2025-12-12T09:25:18","modified_gmt":"2025-12-12T14:25:18","slug":"les-vacances-de-louis-au-camp-gomme-d-epinette","status":"publish","type":"product","link":"https:\/\/dentine-toothie.com\/en\/product\/les-vacances-de-louis-au-camp-gomme-d-epinette\/","title":{"rendered":"Les vacances de Louis au Camp Gomme d&rsquo;\u00e9pinette"},"content":{"rendered":"<p>AUTEURS<br \/>\nSt\u00e9phanie Francoeur, H.D. et James Cloutier<\/p>\n<p>ILLUSTRATRICE<br \/>\nSt\u00e9phanie Francoeur<\/p>\n<p>R\u00c9VISION SCIENTIFIQUE<br \/>\nFannie Leblanc, H.D. et St\u00e9phanie Francoeur, H.D.<\/p>\n<p class=\"translation-block\">EDITOR<br>\nLes \u00e9ditions Dentine et Mathias inc.<\/p>\n<p>LANGUAGE<br \/>\nFran\u00e7ais<\/p>\n<p>PUBLICATION DATE<br \/>\n2025<\/p>\n<p>DIMENSIONS<br \/>\n6 x 9 pouces<\/p>\n<p>NUMBER OF PAGES<br \/>\n160<\/p>\n<p>YOUTH LITERATURE<br \/>\n8-12 ANS<\/p>\n<p>ISBN<br \/>\n978-2-925233-10-7<\/p>","protected":false},"excerpt":{"rendered":"<p>SUMMARY<br \/>\nTu es un\u2219e mordu\u2219e d&rsquo;aventures? Tu d\u00e9sires passer le meilleur \u00e9t\u00e9 de ta vie? Rejoins-nous au Camp Gomme d&rsquo;\u00e9pinette avec tes amis! Attention! Certains \u00e9v\u00e9nements pourraient rendre ton s\u00e9jour plus croustillant, alors que d&rsquo;autres pourraient te faire grincer des dents. Tu devras faire des choix judicieux afin d&rsquo;\u00e9viter de te retrouver dans le p\u00e9trin!<\/p>\n<p>Dans cette histoire de vacances, c&rsquo;est toi le h\u00e9ros! Mais tes choix pourraient aussi te faire vivre des catastrophes&#8230; C&rsquo;est toi qui d\u00e9cides!<\/p>\n<p>SUJETS BUCCODENTAIRES ABORD\u00c9S<br \/>\nHygi\u00e8ne buccodentaire quotidienne (soie dentaire, brossage des dents et de la langue); protecteur buccal et sport; carie dentaire; bact\u00e9ries, virus et contamination; aliments cariog\u00e8nes; halitose (mauvaise haleine); gingivite; onychophagie (ronger ses ongles); \u00e9rosion dentaire; respiration buccale; papilles gustatives; orthodontie; bruxisme<\/p>\n<p><a href=\"https:\/\/dentine-toothie.com\/wp-content\/uploads\/2025\/04\/Les-vacances-de-Louis-au-Camp-Gomme-depinette-Extrait-_web.pdf\" target=\"_blank\" rel=\"noopener\"><span style=\"font-size: 12.0pt; font-family: 'Arial',sans-serif; color: #050505; background: white;\"><span style=\"color: #037f82;\"><strong>T\u00e9l\u00e9charger un extrait<\/strong><\/span><\/span><\/a><\/p>\n<p>&nbsp;<\/p>","protected":false},"featured_media":3613,"template":"","meta":{"site-sidebar-layout":"default","site-content-layout":"","ast-site-content-layout":"default","site-content-style":"default","site-sidebar-style":"default","ast-global-header-display":"","ast-banner-title-visibility":"","ast-main-header-display":"","ast-hfb-above-header-display":"","ast-hfb-below-header-display":"","ast-hfb-mobile-header-display":"","site-post-title":"","ast-breadcrumbs-content":"","ast-featured-img":"","footer-sml-layout":"","theme-transparent-header-meta":"default","adv-header-id-meta":"","stick-header-meta":"","header-above-stick-meta":"","header-main-stick-meta":"","header-below-stick-meta":"","astra-migrate-meta-layouts":"set","ast-page-background-enabled":"default","ast-page-background-meta":{"desktop":{"background-color":"var(--ast-global-color-4)","background-image":"","background-repeat":"repeat","background-position":"center center","background-size":"auto","background-attachment":"scroll","background-type":"","background-media":"","overlay-type":"","overlay-color":"","overlay-opacity":"","overlay-gradient":""},"tablet":{"background-color":"","background-image":"","background-repeat":"repeat","background-position":"center center","background-size":"auto","background-attachment":"scroll","background-type":"","background-media":"","overlay-type":"","overlay-color":"","overlay-opacity":"","overlay-gradient":""},"mobile":{"background-color":"","background-image":"","background-repeat":"repeat","background-position":"center center","background-size":"auto","background-attachment":"scroll","background-type":"","background-media":"","overlay-type":"","overlay-color":"","overlay-opacity":"","overlay-gradient":""}},"ast-content-background-meta":{"desktop":{"background-color":"var(--ast-global-color-5)","background-image":"","background-repeat":"repeat","background-position":"center center","background-size":"auto","background-attachment":"scroll","background-type":"","background-media":"","overlay-type":"","overlay-color":"","overlay-opacity":"","overlay-gradient":""},"tablet":{"background-color":"var(--ast-global-color-5)","background-image":"","background-repeat":"repeat","background-position":"center center","background-size":"auto","background-attachment":"scroll","background-type":"","background-media":"","overlay-type":"","overlay-color":"","overlay-opacity":"","overlay-gradient":""},"mobile":{"background-color":"var(--ast-global-color-5)","background-image":"","background-repeat":"repeat","background-position":"center center","background-size":"auto","background-attachment":"scroll","background-type":"","background-media":"","overlay-type":"","overlay-color":"","overlay-opacity":"","overlay-gradient":""}}},"product_brand":[],"product_cat":[77,34],"product_tag":[82,79],"giftcard-category":[],"class_list":{"0":"post-3557","1":"product","2":"type-product","3":"status-publish","4":"has-post-thumbnail","6":"product_cat-8-12","7":"product_cat-livres","8":"product_tag-8-a-12-ans","9":"product_tag-francais","10":"product_shipping_class-roman","11":"desktop-align-left","12":"tablet-align-left","13":"mobile-align-left","15":"first","16":"instock","17":"taxable","18":"shipping-taxable","19":"purchasable","20":"product-type-simple"},"jetpack_sharing_enabled":true,"_links":{"self":[{"href":"https:\/\/dentine-toothie.com\/en\/wp-json\/wp\/v2\/product\/3557","targetHints":{"allow":["GET"]}}],"collection":[{"href":"https:\/\/dentine-toothie.com\/en\/wp-json\/wp\/v2\/product"}],"about":[{"href":"https:\/\/dentine-toothie.com\/en\/wp-json\/wp\/v2\/types\/product"}],"wp:featuredmedia":[{"embeddable":true,"href":"https:\/\/dentine-toothie.com\/en\/wp-json\/wp\/v2\/media\/3613"}],"wp:attachment":[{"href":"https:\/\/dentine-toothie.com\/en\/wp-json\/wp\/v2\/media?parent=3557"}],"wp:term":[{"taxonomy":"product_brand","embeddable":true,"href":"https:\/\/dentine-toothie.com\/en\/wp-json\/wp\/v2\/product_brand?post=3557"},{"taxonomy":"product_cat","embeddable":true,"href":"https:\/\/dentine-toothie.com\/en\/wp-json\/wp\/v2\/product_cat?post=3557"},{"taxonomy":"product_tag","embeddable":true,"href":"https:\/\/dentine-toothie.com\/en\/wp-json\/wp\/v2\/product_tag?post=3557"},{"taxonomy":"giftcard-category","embeddable":true,"href":"https:\/\/dentine-toothie.com\/en\/wp-json\/wp\/v2\/giftcard-category?post=3557"}],"curies":[{"name":"wp","href":"https:\/\/api.w.org\/{rel}","templated":true}]}}