{"id":2542,"date":"2022-10-18T13:07:39","date_gmt":"2022-10-18T17:07:39","guid":{"rendered":"https:\/\/dentine-toothie.com\/?post_type=product&#038;p=2542"},"modified":"2023-12-01T23:12:08","modified_gmt":"2023-12-02T04:12:08","slug":"lalimentation-et-la-carie-dentaire-version-numerique","status":"publish","type":"product","link":"https:\/\/dentine-toothie.com\/en\/product\/lalimentation-et-la-carie-dentaire-version-numerique\/","title":{"rendered":"L&rsquo;alimentation et La carie dentaire &#8211; (version num\u00e9rique)"},"content":{"rendered":"<p>FORMAT : Num\u00e9rique (PDF) 11\u00a0\u00bb x 8,5\u00a0\u00bb<\/p>\n<p>AUTEURES : Fannie Leblanc, H.D. et St\u00e9phanie Francoeur, H.D.<\/p>\n<p>ILLUSTRATRICE : Audrey Tremblay<\/p>\n<p>LICENCE :\u00a0Lors de votre achat, n\u2019oubliez pas de mentionner le nom exact de votre \u00e9tablissement afin que nous puissions vous octroyer une licence.\u00a0Cette licence permet l\u2019impression et la distribution du document \u00e0 votre client\u00e8le seulement. Cette licence n\u2019est pas transf\u00e9rable \u00e0 une tierce personne ou \u00e0 un autre \u00e9tablissement. Il est interdit de modifier, vendre ou diffuser sur internet les illustrations ou le contenu (en partie ou en totalit\u00e9) sans le consentement des titulaires des droits d\u2019auteur.<\/p>\n<p>LIVRAISON : Une fois la commande trait\u00e9e par notre \u00e9quipe, le fichier num\u00e9rique vous sera envoy\u00e9 par courriel.<\/p>","protected":false},"excerpt":{"rendered":"<p><strong>PAGE 1 : L&rsquo;ALIMENTATION<\/strong><\/p>\n<p>Cette fiche permet au professionnel d\u2019aborder l\u2019alimentation cariog\u00e8ne et non-cariog\u00e8ne par le jeu. L&rsquo;enfant doit identifier les aliments les moins susceptibles d&rsquo;entra\u00eener une carie dentaire.<\/p>\n<p>Mise en situation:<br \/>\n\u00ab \u00c0 l\u2019heure du d\u00eener, Dentine se rend au restaurant de monsieur Al Dente.<br \/>\nPeux-tu l\u2019aider \u00e0 choisir ce qu\u2019elle va manger? \u00bb<\/p>\n<p><strong>PAGE 2 : LA CARIE DENTAIRE<\/strong><\/p>\n<p>Cette fiche permet au professionnel de valider et de compl\u00e9ter les connaissances de l\u2019enfant \u00e0 propos de la carie dentaire. \u00c0 partir d\u2019illustrations montrant les diff\u00e9rentes \u00e9tapes de la formation de la carie, l\u2019enfant doit expliquer ce qu\u2019il voit.<\/p>\n<p>Mise en situation:<br \/>\n\u00ab Au pays des dents, monsieur Al Dente est propri\u00e9taire du restaurant. Toujours occup\u00e9, il grignote toute la journ\u00e9e. Peux-tu d\u00e9crire ce qui lui est arriv\u00e9? \u00bb<\/p>","protected":false},"featured_media":2543,"template":"","meta":{"site-sidebar-layout":"default","site-content-layout":"","ast-site-content-layout":"default","site-content-style":"default","site-sidebar-style":"default","ast-global-header-display":"","ast-banner-title-visibility":"","ast-main-header-display":"","ast-hfb-above-header-display":"","ast-hfb-below-header-display":"","ast-hfb-mobile-header-display":"","site-post-title":"","ast-breadcrumbs-content":"","ast-featured-img":"","footer-sml-layout":"","theme-transparent-header-meta":"","adv-header-id-meta":"","stick-header-meta":"","header-above-stick-meta":"","header-main-stick-meta":"","header-below-stick-meta":"","astra-migrate-meta-layouts":"default","ast-page-background-enabled":"default","ast-page-background-meta":{"desktop":{"background-color":"var(--ast-global-color-4)","background-image":"","background-repeat":"repeat","background-position":"center center","background-size":"auto","background-attachment":"scroll","background-type":"","background-media":"","overlay-type":"","overlay-color":"","overlay-opacity":"","overlay-gradient":""},"tablet":{"background-color":"","background-image":"","background-repeat":"repeat","background-position":"center center","background-size":"auto","background-attachment":"scroll","background-type":"","background-media":"","overlay-type":"","overlay-color":"","overlay-opacity":"","overlay-gradient":""},"mobile":{"background-color":"","background-image":"","background-repeat":"repeat","background-position":"center center","background-size":"auto","background-attachment":"scroll","background-type":"","background-media":"","overlay-type":"","overlay-color":"","overlay-opacity":"","overlay-gradient":""}},"ast-content-background-meta":{"desktop":{"background-color":"var(--ast-global-color-5)","background-image":"","background-repeat":"repeat","background-position":"center center","background-size":"auto","background-attachment":"scroll","background-type":"","background-media":"","overlay-type":"","overlay-color":"","overlay-opacity":"","overlay-gradient":""},"tablet":{"background-color":"var(--ast-global-color-5)","background-image":"","background-repeat":"repeat","background-position":"center center","background-size":"auto","background-attachment":"scroll","background-type":"","background-media":"","overlay-type":"","overlay-color":"","overlay-opacity":"","overlay-gradient":""},"mobile":{"background-color":"var(--ast-global-color-5)","background-image":"","background-repeat":"repeat","background-position":"center center","background-size":"auto","background-attachment":"scroll","background-type":"","background-media":"","overlay-type":"","overlay-color":"","overlay-opacity":"","overlay-gradient":""}}},"product_brand":[],"product_cat":[37],"product_tag":[],"giftcard-category":[],"class_list":{"0":"post-2542","1":"product","2":"type-product","3":"status-publish","4":"has-post-thumbnail","6":"product_cat-produitsnumeriques","7":"desktop-align-left","8":"tablet-align-left","9":"mobile-align-left","11":"first","12":"instock","13":"virtual","14":"taxable","15":"purchasable","16":"product-type-simple"},"jetpack_sharing_enabled":true,"_links":{"self":[{"href":"https:\/\/dentine-toothie.com\/en\/wp-json\/wp\/v2\/product\/2542","targetHints":{"allow":["GET"]}}],"collection":[{"href":"https:\/\/dentine-toothie.com\/en\/wp-json\/wp\/v2\/product"}],"about":[{"href":"https:\/\/dentine-toothie.com\/en\/wp-json\/wp\/v2\/types\/product"}],"wp:featuredmedia":[{"embeddable":true,"href":"https:\/\/dentine-toothie.com\/en\/wp-json\/wp\/v2\/media\/2543"}],"wp:attachment":[{"href":"https:\/\/dentine-toothie.com\/en\/wp-json\/wp\/v2\/media?parent=2542"}],"wp:term":[{"taxonomy":"product_brand","embeddable":true,"href":"https:\/\/dentine-toothie.com\/en\/wp-json\/wp\/v2\/product_brand?post=2542"},{"taxonomy":"product_cat","embeddable":true,"href":"https:\/\/dentine-toothie.com\/en\/wp-json\/wp\/v2\/product_cat?post=2542"},{"taxonomy":"product_tag","embeddable":true,"href":"https:\/\/dentine-toothie.com\/en\/wp-json\/wp\/v2\/product_tag?post=2542"},{"taxonomy":"giftcard-category","embeddable":true,"href":"https:\/\/dentine-toothie.com\/en\/wp-json\/wp\/v2\/giftcard-category?post=2542"}],"curies":[{"name":"wp","href":"https:\/\/api.w.org\/{rel}","templated":true}]}}