{"id":2219,"date":"2022-05-29T21:31:32","date_gmt":"2022-05-30T01:31:32","guid":{"rendered":"https:\/\/dentine-toothie.com\/?post_type=product&#038;p=2219"},"modified":"2025-12-29T16:40:36","modified_gmt":"2025-12-29T21:40:36","slug":"toothie-plans-a-halloween-party-english-version","status":"publish","type":"product","link":"https:\/\/dentine-toothie.com\/en\/product\/toothie-plans-a-halloween-party-english-version\/","title":{"rendered":"Toothie Plans a Halloween Party (english)"},"content":{"rendered":"<p class=\"translation-block\">AUTHORS<br>\nFannie Leblanc, DH<br>\nSt\u00e9phanie Francoeur, DH<\/p>\n<p class=\"translation-block\">ILLUSTRATOR<br>\nAudrey Tremblay<\/p>\n<p class=\"translation-block\">EDITOR<br>\nLes \u00e9ditions Dentine et Mathias inc.<\/p>\n<p>LANGUAGE<br \/>\nEnglish<\/p>\n<p>PUBLICATION DATE<br \/>\n2022<\/p>\n<p>DIMENSIONS<br \/>\n8 x 8 inches<\/p>\n<p>NUMBER OF PAGES<br \/>\n24<\/p>\n<p>YOUTH LITERATURE<br \/>\nFrom 3 years<\/p>\n<p>ISBN<br \/>\n978-2-925233-04-6<\/p>","protected":false},"excerpt":{"rendered":"<p>SUMMARY<br \/>\nIn Toothland, Toothie is participating for the first time in the pumpkin decoration contest and the big Halloween party. Her friend Praline, who has a sweet tooth, has been waiting for this moment all year round! With the preparations for the event and the sweets, will they be able to celebrate Halloween without cavities?<\/p>\n<p>With the help of the book\u00a0<span class=\"a-text-italic\">Toothie Plans a Halloween Party,<\/span> games and complementary tools, live a moment filled with fantasies while foiling the germs that cause cavities!<\/p>\n<p>ORAL HEALTH TOPICS COVERED<br \/>\nGerms, cavities, cariogenic foods, flossing and brushing, fluoride toothpaste<\/p>\n<p>COMPLEMENTARY TOOLS<br \/>\n<img loading=\"lazy\" decoding=\"async\" class=\"alignnone wp-image-3768 size-full\" src=\"https:\/\/dentine-toothie.com\/wp-content\/uploads\/2022\/05\/tools_toothie_halloween_150px.png\" alt=\"\" width=\"542\" height=\"200\" srcset=\"https:\/\/dentine-toothie.com\/wp-content\/uploads\/2022\/05\/tools_toothie_halloween_150px.png 542w, https:\/\/dentine-toothie.com\/wp-content\/uploads\/2022\/05\/tools_toothie_halloween_150px-300x111.png 300w, https:\/\/dentine-toothie.com\/wp-content\/uploads\/2022\/05\/tools_toothie_halloween_150px-18x7.png 18w, https:\/\/dentine-toothie.com\/wp-content\/uploads\/2022\/05\/tools_toothie_halloween_150px-200x74.png 200w\" sizes=\"auto, (max-width: 542px) 100vw, 542px\" \/><\/p>\n<p>1) Cookbook (contributor : Cosette Gerg\u00e8s, Dt.P., cofounder of <a href=\"http:\/\/nutritionnistesenpediatrie.com\/\" target=\"_blank\" rel=\"noreferrer noopener\">Nutritionnistes en p\u00e9diatrie<\/a>)<br \/>\n2) Activity : Decorate a pumpkin<br \/>\n3) Halloween Month Activity Ideas<\/p>\n<p><a href=\"https:\/\/dentine-toothie.com\/en\/tools-toothie-plans-a-halloween-party\/\" target=\"_blank\" rel=\"noopener noreferrer\">Cliquez ici pour acc\u00e9der au contenu suppl\u00e9mentaire (vous trouverez le mot de passe requis \u00e0 l&rsquo;int\u00e9rieur du livre).<\/a><\/p>\n<p>&nbsp;<\/p>","protected":false},"featured_media":2218,"template":"","meta":{"site-sidebar-layout":"default","site-content-layout":"","ast-site-content-layout":"default","site-content-style":"default","site-sidebar-style":"default","ast-global-header-display":"","ast-banner-title-visibility":"","ast-main-header-display":"","ast-hfb-above-header-display":"","ast-hfb-below-header-display":"","ast-hfb-mobile-header-display":"","site-post-title":"","ast-breadcrumbs-content":"","ast-featured-img":"","footer-sml-layout":"","theme-transparent-header-meta":"default","adv-header-id-meta":"","stick-header-meta":"","header-above-stick-meta":"","header-main-stick-meta":"","header-below-stick-meta":"","astra-migrate-meta-layouts":"set","ast-page-background-enabled":"default","ast-page-background-meta":{"desktop":{"background-color":"var(--ast-global-color-4)","background-image":"","background-repeat":"repeat","background-position":"center center","background-size":"auto","background-attachment":"scroll","background-type":"","background-media":"","overlay-type":"","overlay-color":"","overlay-opacity":"","overlay-gradient":""},"tablet":{"background-color":"","background-image":"","background-repeat":"repeat","background-position":"center center","background-size":"auto","background-attachment":"scroll","background-type":"","background-media":"","overlay-type":"","overlay-color":"","overlay-opacity":"","overlay-gradient":""},"mobile":{"background-color":"","background-image":"","background-repeat":"repeat","background-position":"center center","background-size":"auto","background-attachment":"scroll","background-type":"","background-media":"","overlay-type":"","overlay-color":"","overlay-opacity":"","overlay-gradient":""}},"ast-content-background-meta":{"desktop":{"background-color":"var(--ast-global-color-5)","background-image":"","background-repeat":"repeat","background-position":"center center","background-size":"auto","background-attachment":"scroll","background-type":"","background-media":"","overlay-type":"","overlay-color":"","overlay-opacity":"","overlay-gradient":""},"tablet":{"background-color":"var(--ast-global-color-5)","background-image":"","background-repeat":"repeat","background-position":"center center","background-size":"auto","background-attachment":"scroll","background-type":"","background-media":"","overlay-type":"","overlay-color":"","overlay-opacity":"","overlay-gradient":""},"mobile":{"background-color":"var(--ast-global-color-5)","background-image":"","background-repeat":"repeat","background-position":"center center","background-size":"auto","background-attachment":"scroll","background-type":"","background-media":"","overlay-type":"","overlay-color":"","overlay-opacity":"","overlay-gradient":""}}},"product_brand":[],"product_cat":[76,34],"product_tag":[78,83],"giftcard-category":[],"class_list":{"0":"post-2219","1":"product","2":"type-product","3":"status-publish","4":"has-post-thumbnail","6":"product_cat-3-8","7":"product_cat-livres","8":"product_tag-3-a-8-ans","9":"product_tag-english","10":"product_shipping_class-livre","11":"desktop-align-left","12":"tablet-align-left","13":"mobile-align-left","15":"first","16":"instock","17":"taxable","18":"shipping-taxable","19":"purchasable","20":"product-type-simple"},"jetpack_sharing_enabled":true,"_links":{"self":[{"href":"https:\/\/dentine-toothie.com\/en\/wp-json\/wp\/v2\/product\/2219","targetHints":{"allow":["GET"]}}],"collection":[{"href":"https:\/\/dentine-toothie.com\/en\/wp-json\/wp\/v2\/product"}],"about":[{"href":"https:\/\/dentine-toothie.com\/en\/wp-json\/wp\/v2\/types\/product"}],"wp:featuredmedia":[{"embeddable":true,"href":"https:\/\/dentine-toothie.com\/en\/wp-json\/wp\/v2\/media\/2218"}],"wp:attachment":[{"href":"https:\/\/dentine-toothie.com\/en\/wp-json\/wp\/v2\/media?parent=2219"}],"wp:term":[{"taxonomy":"product_brand","embeddable":true,"href":"https:\/\/dentine-toothie.com\/en\/wp-json\/wp\/v2\/product_brand?post=2219"},{"taxonomy":"product_cat","embeddable":true,"href":"https:\/\/dentine-toothie.com\/en\/wp-json\/wp\/v2\/product_cat?post=2219"},{"taxonomy":"product_tag","embeddable":true,"href":"https:\/\/dentine-toothie.com\/en\/wp-json\/wp\/v2\/product_tag?post=2219"},{"taxonomy":"giftcard-category","embeddable":true,"href":"https:\/\/dentine-toothie.com\/en\/wp-json\/wp\/v2\/giftcard-category?post=2219"}],"curies":[{"name":"wp","href":"https:\/\/api.w.org\/{rel}","templated":true}]}}