{"id":51,"date":"2020-02-15T21:40:13","date_gmt":"2020-02-16T02:40:13","guid":{"rendered":"https:\/\/dentine-toothie.com\/?page_id=51"},"modified":"2024-08-28T22:51:00","modified_gmt":"2024-08-29T02:51:00","slug":"contact","status":"publish","type":"page","link":"https:\/\/dentine-toothie.com\/en\/contact\/","title":{"rendered":"Contact Us"},"content":{"rendered":"<h4 class=\"has-text-align-center has-background wp-block-heading\" style=\"background-color:#a7cecb\"><strong>For any request or question related to Toothie's products :<\/strong><\/h4>\n\n\n\n<p class=\"has-text-align-center\"><strong>Email :<\/strong> info@dentine-toothie.com<\/p>\n\n\n\n<p class=\"has-text-align-center\"><strong>Phone :<\/strong>  819-943-2568<\/p>\n\n\n\n<hr class=\"wp-block-separator has-css-opacity is-style-dots\"\/>\n\n\n\n<p class=\"has-text-align-center\"><strong>ST\u00c9PHANIE FRANCOEUR<\/strong><br>President and Editor<\/p>\n\n\n\n<figure class=\"wp-block-image aligncenter size-full is-resized\"><img loading=\"lazy\" decoding=\"async\" src=\"https:\/\/dentine-toothie.com\/wp-content\/uploads\/2020\/02\/Steph4.jpg\" alt=\"\" class=\"wp-image-232\" width=\"248\" height=\"249\" srcset=\"https:\/\/dentine-toothie.com\/wp-content\/uploads\/2020\/02\/Steph4.jpg 990w, https:\/\/dentine-toothie.com\/wp-content\/uploads\/2020\/02\/Steph4-298x300.jpg 298w, https:\/\/dentine-toothie.com\/wp-content\/uploads\/2020\/02\/Steph4-150x150.jpg 150w, https:\/\/dentine-toothie.com\/wp-content\/uploads\/2020\/02\/Steph4-768x772.jpg 768w, https:\/\/dentine-toothie.com\/wp-content\/uploads\/2020\/02\/Steph4-300x300.jpg 300w, https:\/\/dentine-toothie.com\/wp-content\/uploads\/2020\/02\/Steph4-600x603.jpg 600w, https:\/\/dentine-toothie.com\/wp-content\/uploads\/2020\/02\/Steph4-100x100.jpg 100w\" sizes=\"auto, (max-width: 248px) 100vw, 248px\" \/><\/figure>\n\n\n\n<hr class=\"wp-block-separator has-css-opacity is-style-dots\"\/>\n\n\n\n<p class=\"has-text-align-center\"><strong>FANNIE LEBLANC<\/strong><br>Vice President and Editor<\/p>\n\n\n\n<figure class=\"wp-block-image aligncenter size-full is-resized\"><img loading=\"lazy\" decoding=\"async\" src=\"https:\/\/dentine-toothie.com\/wp-content\/uploads\/2020\/02\/Fan3.jpg\" alt=\"\" class=\"wp-image-231\" width=\"246\" height=\"246\" srcset=\"https:\/\/dentine-toothie.com\/wp-content\/uploads\/2020\/02\/Fan3.jpg 982w, https:\/\/dentine-toothie.com\/wp-content\/uploads\/2020\/02\/Fan3-300x300.jpg 300w, https:\/\/dentine-toothie.com\/wp-content\/uploads\/2020\/02\/Fan3-150x150.jpg 150w, https:\/\/dentine-toothie.com\/wp-content\/uploads\/2020\/02\/Fan3-768x770.jpg 768w, https:\/\/dentine-toothie.com\/wp-content\/uploads\/2020\/02\/Fan3-600x602.jpg 600w, https:\/\/dentine-toothie.com\/wp-content\/uploads\/2020\/02\/Fan3-100x100.jpg 100w\" sizes=\"auto, (max-width: 246px) 100vw, 246px\" \/><\/figure>\n\n\n\n<hr class=\"wp-block-separator has-alpha-channel-opacity is-style-dots\"\/>\n\n\n\n<h4 class=\"has-text-align-center has-background wp-block-heading\" style=\"background-color:#a7cecb\">Submit a Manuscript<\/h4>\n\n\n\n<p class=\"has-text-align-center\">Les \u00e9ditions Dentine et Mathias inc. publient des albums illustr\u00e9s jeunesse, des outils \u00e9ducatifs et des ouvrages de r\u00e9f\u00e9rence sur la sant\u00e9 buccodentaire.<\/p>\n\n\n\n<p class=\"has-text-align-center\">Nous acceptons uniquement les manuscrits abordant la sant\u00e9 buccodentaire. Ils peuvent \u00eatre destin\u00e9s \u00e0 un public jeunesse, adolescent, adulte ou professionnel.<\/p>\n\n\n\n<p class=\"has-text-align-center\">You can send us your manuscript in Word format, as well as a letter presenting your project and your curriculum vitae to the following address: <a rel=\"noreferrer noopener\" href=\"mailto:info@dentine-toothie.com\" target=\"_blank\">info@dentine-toothie.com<\/a><br><br>Nous communiquerons avec vous dans un d\u00e9lai de 4 \u00e0 12 semaines.<\/p>\n\n\n\n<h4 class=\"has-text-align-center has-background wp-block-heading\" style=\"background-color:#a7cecb\">Protection des renseignements personnels<\/h4>\n\n\n\n<p class=\"has-text-align-center\">Personne responsable de la protection des renseignements personnels :<br>St\u00e9phanie Francoeur, pr\u00e9sidente<br><a rel=\"noreferrer noopener\" href=\"mailto:info@dentine-toothie.com\" target=\"_blank\">info@dentine-toothie.com<\/a><br>819-943-2568<\/p>","protected":false},"excerpt":{"rendered":"<p>Pour toute demande ou question en lien avec le mat\u00e9riel de Dentine : Courriel : info@dentine-toothie.com T\u00e9l\u00e9phone : 819-943-2568 ST\u00c9PHANIE [&hellip;]<\/p>\n","protected":false},"author":1,"featured_media":0,"parent":0,"menu_order":0,"comment_status":"closed","ping_status":"closed","template":"","meta":{"site-sidebar-layout":"default","site-content-layout":"","ast-site-content-layout":"default","site-content-style":"default","site-sidebar-style":"default","ast-global-header-display":"","ast-banner-title-visibility":"","ast-main-header-display":"","ast-hfb-above-header-display":"","ast-hfb-below-header-display":"","ast-hfb-mobile-header-display":"","site-post-title":"","ast-breadcrumbs-content":"","ast-featured-img":"","footer-sml-layout":"","theme-transparent-header-meta":"","adv-header-id-meta":"","stick-header-meta":"","header-above-stick-meta":"","header-main-stick-meta":"","header-below-stick-meta":"","astra-migrate-meta-layouts":"default","ast-page-background-enabled":"default","ast-page-background-meta":{"desktop":{"background-color":"var(--ast-global-color-4)","background-image":"","background-repeat":"repeat","background-position":"center center","background-size":"auto","background-attachment":"scroll","background-type":"","background-media":"","overlay-type":"","overlay-color":"","overlay-opacity":"","overlay-gradient":""},"tablet":{"background-color":"","background-image":"","background-repeat":"repeat","background-position":"center center","background-size":"auto","background-attachment":"scroll","background-type":"","background-media":"","overlay-type":"","overlay-color":"","overlay-opacity":"","overlay-gradient":""},"mobile":{"background-color":"","background-image":"","background-repeat":"repeat","background-position":"center center","background-size":"auto","background-attachment":"scroll","background-type":"","background-media":"","overlay-type":"","overlay-color":"","overlay-opacity":"","overlay-gradient":""}},"ast-content-background-meta":{"desktop":{"background-color":"var(--ast-global-color-5)","background-image":"","background-repeat":"repeat","background-position":"center center","background-size":"auto","background-attachment":"scroll","background-type":"","background-media":"","overlay-type":"","overlay-color":"","overlay-opacity":"","overlay-gradient":""},"tablet":{"background-color":"var(--ast-global-color-5)","background-image":"","background-repeat":"repeat","background-position":"center center","background-size":"auto","background-attachment":"scroll","background-type":"","background-media":"","overlay-type":"","overlay-color":"","overlay-opacity":"","overlay-gradient":""},"mobile":{"background-color":"var(--ast-global-color-5)","background-image":"","background-repeat":"repeat","background-position":"center center","background-size":"auto","background-attachment":"scroll","background-type":"","background-media":"","overlay-type":"","overlay-color":"","overlay-opacity":"","overlay-gradient":""}},"footnotes":""},"class_list":["post-51","page","type-page","status-publish","hentry"],"jetpack_sharing_enabled":true,"_links":{"self":[{"href":"https:\/\/dentine-toothie.com\/en\/wp-json\/wp\/v2\/pages\/51","targetHints":{"allow":["GET"]}}],"collection":[{"href":"https:\/\/dentine-toothie.com\/en\/wp-json\/wp\/v2\/pages"}],"about":[{"href":"https:\/\/dentine-toothie.com\/en\/wp-json\/wp\/v2\/types\/page"}],"author":[{"embeddable":true,"href":"https:\/\/dentine-toothie.com\/en\/wp-json\/wp\/v2\/users\/1"}],"replies":[{"embeddable":true,"href":"https:\/\/dentine-toothie.com\/en\/wp-json\/wp\/v2\/comments?post=51"}],"version-history":[{"count":43,"href":"https:\/\/dentine-toothie.com\/en\/wp-json\/wp\/v2\/pages\/51\/revisions"}],"predecessor-version":[{"id":3229,"href":"https:\/\/dentine-toothie.com\/en\/wp-json\/wp\/v2\/pages\/51\/revisions\/3229"}],"wp:attachment":[{"href":"https:\/\/dentine-toothie.com\/en\/wp-json\/wp\/v2\/media?parent=51"}],"curies":[{"name":"wp","href":"https:\/\/api.w.org\/{rel}","templated":true}]}}