{"id":3,"date":"2020-02-16T02:58:33","date_gmt":"2020-02-16T01:58:33","guid":{"rendered":"https:\/\/dentine-toothie.com\/?page_id=3"},"modified":"2023-02-01T12:31:30","modified_gmt":"2023-02-01T17:31:30","slug":"politique-de-confidentialite","status":"publish","type":"page","link":"https:\/\/dentine-toothie.com\/en\/politique-de-confidentialite\/","title":{"rendered":"Politique de confidentialit\u00e9"},"content":{"rendered":"<p>Nous r\u00e9coltons des informations durant le processus de commande sur notre boutique.<\/p>\n\n\n\n<h3 class=\"wp-block-heading\">Ce que nous r\u00e9coltons et conservons<\/h3>\n\n\n\n<p>Pendant que vous visitez notre site, nous suivrons:<\/p>\n\n\n\n<ul class=\"wp-block-list\">\n<li>Produits que vous avez consult\u00e9s&nbsp;: nous les utilisons pour, par exemple, afficher des produits que vous avez r\u00e9cemment consult\u00e9s<\/li>\n\n\n\n<li>Adresse de livraison&nbsp;: nous vous demanderons de la saisir pour estimer les frais de livraison avant que vous passiez une commande, et pour vous envoyer la commande&nbsp;!<\/li>\n<\/ul>\n\n\n\n<p>Nous utiliserons des t\u00e9moins pour suivre les contenus du panier pendant que vous naviguez sur notre site.<\/p>\n\n\n\n<p>Quand vous achetez sur notre site web, nous vous demanderons de fournir des informations incluant votre nom, adresse de facturation, adresse de livraison, adresse courriel, num\u00e9ro de t\u00e9l\u00e9phone. Ces informations seront utilis\u00e9es pour&nbsp;:<\/p>\n\n\n\n<ul class=\"wp-block-list\">\n<li>Vous envoyer les informations de votre compte et votre commande<\/li>\n\n\n\n<li>R\u00e9pondre \u00e0 vos demandes, incluant les remboursements et les plaintes<\/li>\n\n\n\n<li>Traiter les paiements et pr\u00e9venir la fraude<\/li>\n<\/ul>\n\n\n\n<p>Nous stockons g\u00e9n\u00e9ralement vos informations aussi longtemps que nous en avons besoin pour l\u2019usage pour lequel nous les collectons et utilisons. Ceci inclut votre nom, adresse courriel et adresses de facturation et livraison.<\/p>\n\n\n\n<h3 class=\"wp-block-heading\">Qui de notre \u00e9quipe a acc\u00e8s aux donn\u00e9es<\/h3>\n\n\n\n<p>Les membres de notre \u00e9quipe ont acc\u00e8s aux informations que vous nous fournissez :<\/p>\n\n\n\n<ul class=\"wp-block-list\">\n<li>Information de commande tel que ce qui a \u00e9t\u00e9 achet\u00e9, quand et o\u00f9 cela doit \u00eatre envoy\u00e9, et<\/li>\n\n\n\n<li>Information du client tel que votre nom, adresse courriel et informations de facturation et livraison.<\/li>\n<\/ul>\n\n\n\n<p>Les membres de notre \u00e9quipe ont acc\u00e8s \u00e0 ces informations pour vous aider \u00e0 ex\u00e9cuter des commandes.<\/p>\n\n\n\n<p>Personne responsable de la protection des renseignements personnels : <br>St\u00e9phanie Francoeur, pr\u00e9sidente <br><a rel=\"noreferrer noopener\" href=\"mailto:info@dentine-toothie.com\" target=\"_blank\">info@dentine-toothie.com<\/a> <br>819-943-2568<\/p>\n\n\n\n<h3 class=\"wp-block-heading\">Paiements<\/h3>\n\n\n\n<p>Nous acceptons les paiements par PayPal. Lors du traitement des paiements, certains donn\u00e9es seront transmises \u00e0 PayPal, incluant l\u2019information requise \u00e0 l\u2019ex\u00e9cution du paiement, tel que le montant total et les informations de facturation.<\/p>\n\n\n\n<p>Veuillez lire la&nbsp;<a href=\"https:\/\/www.paypal.com\/ca\/webapps\/mpp\/ua\/privacy-full?locale.x=fr_CA\">politique de confidentialit\u00e9 de PayPal<\/a>&nbsp;pour plus de d\u00e9tails.<\/p>","protected":false},"excerpt":{"rendered":"<p>Nous r\u00e9coltons des informations durant le processus de commande sur notre boutique. Ce que nous r\u00e9coltons et conservons Pendant que [&hellip;]<\/p>\n","protected":false},"author":1,"featured_media":0,"parent":0,"menu_order":0,"comment_status":"closed","ping_status":"open","template":"","meta":{"site-sidebar-layout":"default","site-content-layout":"","ast-site-content-layout":"default","site-content-style":"default","site-sidebar-style":"default","ast-global-header-display":"","ast-banner-title-visibility":"","ast-main-header-display":"","ast-hfb-above-header-display":"","ast-hfb-below-header-display":"","ast-hfb-mobile-header-display":"","site-post-title":"","ast-breadcrumbs-content":"","ast-featured-img":"","footer-sml-layout":"","theme-transparent-header-meta":"","adv-header-id-meta":"","stick-header-meta":"","header-above-stick-meta":"","header-main-stick-meta":"","header-below-stick-meta":"","astra-migrate-meta-layouts":"default","ast-page-background-enabled":"default","ast-page-background-meta":{"desktop":{"background-color":"var(--ast-global-color-4)","background-image":"","background-repeat":"repeat","background-position":"center center","background-size":"auto","background-attachment":"scroll","background-type":"","background-media":"","overlay-type":"","overlay-color":"","overlay-opacity":"","overlay-gradient":""},"tablet":{"background-color":"","background-image":"","background-repeat":"repeat","background-position":"center center","background-size":"auto","background-attachment":"scroll","background-type":"","background-media":"","overlay-type":"","overlay-color":"","overlay-opacity":"","overlay-gradient":""},"mobile":{"background-color":"","background-image":"","background-repeat":"repeat","background-position":"center center","background-size":"auto","background-attachment":"scroll","background-type":"","background-media":"","overlay-type":"","overlay-color":"","overlay-opacity":"","overlay-gradient":""}},"ast-content-background-meta":{"desktop":{"background-color":"var(--ast-global-color-5)","background-image":"","background-repeat":"repeat","background-position":"center center","background-size":"auto","background-attachment":"scroll","background-type":"","background-media":"","overlay-type":"","overlay-color":"","overlay-opacity":"","overlay-gradient":""},"tablet":{"background-color":"var(--ast-global-color-5)","background-image":"","background-repeat":"repeat","background-position":"center center","background-size":"auto","background-attachment":"scroll","background-type":"","background-media":"","overlay-type":"","overlay-color":"","overlay-opacity":"","overlay-gradient":""},"mobile":{"background-color":"var(--ast-global-color-5)","background-image":"","background-repeat":"repeat","background-position":"center center","background-size":"auto","background-attachment":"scroll","background-type":"","background-media":"","overlay-type":"","overlay-color":"","overlay-opacity":"","overlay-gradient":""}},"footnotes":""},"class_list":["post-3","page","type-page","status-publish","hentry"],"jetpack_sharing_enabled":true,"_links":{"self":[{"href":"https:\/\/dentine-toothie.com\/en\/wp-json\/wp\/v2\/pages\/3","targetHints":{"allow":["GET"]}}],"collection":[{"href":"https:\/\/dentine-toothie.com\/en\/wp-json\/wp\/v2\/pages"}],"about":[{"href":"https:\/\/dentine-toothie.com\/en\/wp-json\/wp\/v2\/types\/page"}],"author":[{"embeddable":true,"href":"https:\/\/dentine-toothie.com\/en\/wp-json\/wp\/v2\/users\/1"}],"replies":[{"embeddable":true,"href":"https:\/\/dentine-toothie.com\/en\/wp-json\/wp\/v2\/comments?post=3"}],"version-history":[{"count":21,"href":"https:\/\/dentine-toothie.com\/en\/wp-json\/wp\/v2\/pages\/3\/revisions"}],"predecessor-version":[{"id":2764,"href":"https:\/\/dentine-toothie.com\/en\/wp-json\/wp\/v2\/pages\/3\/revisions\/2764"}],"wp:attachment":[{"href":"https:\/\/dentine-toothie.com\/en\/wp-json\/wp\/v2\/media?parent=3"}],"curies":[{"name":"wp","href":"https:\/\/api.w.org\/{rel}","templated":true}]}}